{"id":1715,"date":"2025-09-14T18:50:33","date_gmt":"2025-09-14T16:50:33","guid":{"rendered":"https:\/\/homegermany24.com\/?page_id=1715"},"modified":"2025-12-04T22:51:02","modified_gmt":"2025-12-04T21:51:02","slug":"blog","status":"publish","type":"page","link":"https:\/\/homegermany24.com\/de\/blog\/","title":{"rendered":"Blog"},"content":{"rendered":"\t\t<div data-elementor-type=\"wp-page\" data-elementor-id=\"1715\" class=\"elementor elementor-1715 elementor-1713\" data-elementor-post-type=\"page\">\n\t\t\t\t<div class=\"elementor-element elementor-element-9d348f4 e-flex e-con-boxed e-con e-parent\" data-id=\"9d348f4\" data-element_type=\"container\" data-settings=\"{&quot;background_background&quot;:&quot;classic&quot;}\">\n\t\t\t\t\t<div class=\"e-con-inner\">\n\t\t<div class=\"elementor-element elementor-element-840491f e-flex e-con-boxed e-con e-child\" data-id=\"840491f\" data-element_type=\"container\">\n\t\t\t\t\t<div class=\"e-con-inner\">\n\t\t\t\t<div class=\"elementor-element elementor-element-3104c5d elementor-widget elementor-widget-shortcode\" data-id=\"3104c5d\" data-element_type=\"widget\" data-widget_type=\"shortcode.default\">\n\t\t\t\t\t\t\t<div class=\"elementor-shortcode\"><nav aria-label=\"breadcrumbs\" class=\"rank-math-breadcrumb\"><p><span class=\"last\">Startseite<\/span><\/p><\/nav><\/div>\n\t\t\t\t\t\t<\/div>\n\t\t\t\t\t<\/div>\n\t\t\t\t<\/div>\n\t\t\t\t\t<\/div>\n\t\t\t\t<\/div>\n\t\t<div class=\"elementor-element elementor-element-96e57ef e-flex e-con-boxed e-con e-parent\" data-id=\"96e57ef\" data-element_type=\"container\">\n\t\t\t\t\t<div class=\"e-con-inner\">\n\t\t<div class=\"elementor-element elementor-element-9023bc5 e-con-full e-flex e-con e-child\" data-id=\"9023bc5\" data-element_type=\"container\">\n\t\t\t\t<div class=\"elementor-element elementor-element-199d603 elementor-grid-3 elementor-grid-tablet-2 elementor-grid-mobile-1 elementor-posts--thumbnail-top elementor-widget elementor-widget-posts\" data-id=\"199d603\" data-element_type=\"widget\" data-settings=\"{&quot;pagination_type&quot;:&quot;prev_next&quot;,&quot;classic_columns&quot;:&quot;3&quot;,&quot;classic_columns_tablet&quot;:&quot;2&quot;,&quot;classic_columns_mobile&quot;:&quot;1&quot;,&quot;classic_row_gap&quot;:{&quot;unit&quot;:&quot;px&quot;,&quot;size&quot;:35,&quot;sizes&quot;:[]},&quot;classic_row_gap_laptop&quot;:{&quot;unit&quot;:&quot;px&quot;,&quot;size&quot;:&quot;&quot;,&quot;sizes&quot;:[]},&quot;classic_row_gap_tablet&quot;:{&quot;unit&quot;:&quot;px&quot;,&quot;size&quot;:&quot;&quot;,&quot;sizes&quot;:[]},&quot;classic_row_gap_mobile_extra&quot;:{&quot;unit&quot;:&quot;px&quot;,&quot;size&quot;:&quot;&quot;,&quot;sizes&quot;:[]},&quot;classic_row_gap_mobile&quot;:{&quot;unit&quot;:&quot;px&quot;,&quot;size&quot;:&quot;&quot;,&quot;sizes&quot;:[]}}\" data-widget_type=\"posts.classic\">\n\t\t\t\t<div class=\"elementor-widget-container\">\n\t\t\t\t\t\t\t<div class=\"elementor-posts-container elementor-posts elementor-posts--skin-classic elementor-grid\" role=\"list\">\n\t\t\t\t<article class=\"elementor-post elementor-grid-item post-2205 post type-post status-publish format-standard has-post-thumbnail hentry category-immobilienguide\" role=\"listitem\">\n\t\t\t\t<a class=\"elementor-post__thumbnail__link\" href=\"https:\/\/homegermany24.com\/de\/leitfaden-zum-immobilienkauf-in-deutschland\/\" tabindex=\"-1\" >\n\t\t\t<div class=\"elementor-post__thumbnail\"><img fetchpriority=\"high\" decoding=\"async\" width=\"1200\" height=\"672\" src=\"https:\/\/homegermany24.com\/wp-content\/uploads\/2025\/10\/Lucid_Origin_A_bright_and_modern_cityscape_of_Germany-min.jpg\" class=\"attachment-full size-full wp-image-1676\" alt=\"Comprehensive Guide to Buying Property in Germany\" srcset=\"https:\/\/homegermany24.com\/wp-content\/uploads\/2025\/10\/Lucid_Origin_A_bright_and_modern_cityscape_of_Germany-min.jpg 1200w, https:\/\/homegermany24.com\/wp-content\/uploads\/2025\/10\/Lucid_Origin_A_bright_and_modern_cityscape_of_Germany-min-300x168.jpg 300w, https:\/\/homegermany24.com\/wp-content\/uploads\/2025\/10\/Lucid_Origin_A_bright_and_modern_cityscape_of_Germany-min-1024x573.jpg 1024w, https:\/\/homegermany24.com\/wp-content\/uploads\/2025\/10\/Lucid_Origin_A_bright_and_modern_cityscape_of_Germany-min-768x430.jpg 768w\" sizes=\"(max-width: 1200px) 100vw, 1200px\" \/><\/div>\n\t\t<\/a>\n\t\t\t\t<div class=\"elementor-post__text\">\n\t\t\t\t<h3 class=\"elementor-post__title\">\n\t\t\t<a href=\"https:\/\/homegermany24.com\/de\/leitfaden-zum-immobilienkauf-in-deutschland\/\" >\n\t\t\t\tUmfassender Leitfaden zum Immobilienkauf in Deutschland f\u00fcr internationale K\u00e4ufer\t\t\t<\/a>\n\t\t<\/h3>\n\t\t\t\t<div class=\"elementor-post__meta-data\">\n\t\t\t\t\t<span class=\"elementor-post-date\">\n\t\t\t27\/12\/2025\t\t<\/span>\n\t\t\t\t<span class=\"elementor-post-avatar\">\n\t\t\tKeine Kommentare\t\t<\/span>\n\t\t\t\t<\/div>\n\t\t\t\t<div class=\"elementor-post__excerpt\">\n\t\t\t<p>Deutschland gilt als einer der stabilsten und zuverl\u00e4ssigsten Immobilienm\u00e4rkte Europas. Wirtschaftliche Stabilit\u00e4t, rechtliche Transparenz, hoher K\u00e4uferschutz und eine gro\u00dfe Vielfalt an Wohn- und Gewerbeimmobilien machen das Land zu einem idealen Ziel f\u00fcr Investitionen, Kauf, Verkauf und Vermietung. HomeGermany24 mit Hauptsitz in Berlin und T\u00e4tigkeit in ganz Deutschland bietet professionelle Dienstleistungen<\/p>\n\t\t<\/div>\n\t\t\n\t\t<a class=\"elementor-post__read-more\" href=\"https:\/\/homegermany24.com\/de\/leitfaden-zum-immobilienkauf-in-deutschland\/\" aria-label=\"Read more about Umfassender Leitfaden zum Immobilienkauf in Deutschland f\u00fcr internationale K\u00e4ufer\" tabindex=\"-1\" >\n\t\t\tRead More \u00bb\t\t<\/a>\n\n\t\t\t\t<\/div>\n\t\t\t\t<\/article>\n\t\t\t\t<article class=\"elementor-post elementor-grid-item post-2492 post type-post status-publish format-standard has-post-thumbnail hentry category-immobilienguide\" role=\"listitem\">\n\t\t\t\t<a class=\"elementor-post__thumbnail__link\" href=\"https:\/\/homegermany24.com\/de\/immobilie-in-deutschland-vermieten\/\" tabindex=\"-1\" >\n\t\t\t<div class=\"elementor-post__thumbnail\"><img decoding=\"async\" width=\"800\" height=\"533\" src=\"https:\/\/homegermany24.com\/wp-content\/uploads\/2025\/12\/Renting-a-property-in-Germany-.jpeg\" class=\"attachment-full size-full wp-image-2490\" alt=\"\" srcset=\"https:\/\/homegermany24.com\/wp-content\/uploads\/2025\/12\/Renting-a-property-in-Germany-.jpeg 800w, https:\/\/homegermany24.com\/wp-content\/uploads\/2025\/12\/Renting-a-property-in-Germany--300x200.jpeg 300w, https:\/\/homegermany24.com\/wp-content\/uploads\/2025\/12\/Renting-a-property-in-Germany--768x512.jpeg 768w\" sizes=\"(max-width: 800px) 100vw, 800px\" \/><\/div>\n\t\t<\/a>\n\t\t\t\t<div class=\"elementor-post__text\">\n\t\t\t\t<h3 class=\"elementor-post__title\">\n\t\t\t<a href=\"https:\/\/homegermany24.com\/de\/immobilie-in-deutschland-vermieten\/\" >\n\t\t\t\tWarum eine Immobilie in Deutschland mit Makler vermieten?\t\t\t<\/a>\n\t\t<\/h3>\n\t\t\t\t<div class=\"elementor-post__meta-data\">\n\t\t\t\t\t<span class=\"elementor-post-date\">\n\t\t\t27\/12\/2025\t\t<\/span>\n\t\t\t\t<span class=\"elementor-post-avatar\">\n\t\t\tKeine Kommentare\t\t<\/span>\n\t\t\t\t<\/div>\n\t\t\t\t<div class=\"elementor-post__excerpt\">\n\t\t\t<p>&nbsp; Die Vermietung einer Immobilie in Deutschland ist \u2013 entgegen der Annahme vieler Eigent\u00fcmer \u2013 kein einfacher oder kurzfristiger Prozess. Strenge gesetzliche Vorgaben, umfangreiche rechtliche Pflichten, eine sorgf\u00e4ltige Mieterauswahl sowie die korrekte Vertragsgestaltung f\u00fchren dazu, dass viele Eigent\u00fcmer, insbesondere ausl\u00e4ndische oder stark besch\u00e4ftigte Vermieter, diesen Prozess einem professionellen Immobilienmakler in<\/p>\n\t\t<\/div>\n\t\t\n\t\t<a class=\"elementor-post__read-more\" href=\"https:\/\/homegermany24.com\/de\/immobilie-in-deutschland-vermieten\/\" aria-label=\"Read more about Warum eine Immobilie in Deutschland mit Makler vermieten?\" tabindex=\"-1\" >\n\t\t\tRead More \u00bb\t\t<\/a>\n\n\t\t\t\t<\/div>\n\t\t\t\t<\/article>\n\t\t\t\t<article class=\"elementor-post elementor-grid-item post-2511 post type-post status-publish format-standard has-post-thumbnail hentry category-immobilienguide\" role=\"listitem\">\n\t\t\t\t<a class=\"elementor-post__thumbnail__link\" href=\"https:\/\/homegermany24.com\/de\/wohnung-mieten-deutschland-ratgeber\/\" tabindex=\"-1\" >\n\t\t\t<div class=\"elementor-post__thumbnail\"><img decoding=\"async\" width=\"800\" height=\"533\" src=\"https:\/\/homegermany24.com\/wp-content\/uploads\/2025\/12\/Renting-Apartment-in-Germany-Happy-Tenants.jpeg\" class=\"attachment-full size-full wp-image-2509\" alt=\"\" srcset=\"https:\/\/homegermany24.com\/wp-content\/uploads\/2025\/12\/Renting-Apartment-in-Germany-Happy-Tenants.jpeg 800w, https:\/\/homegermany24.com\/wp-content\/uploads\/2025\/12\/Renting-Apartment-in-Germany-Happy-Tenants-300x200.jpeg 300w, https:\/\/homegermany24.com\/wp-content\/uploads\/2025\/12\/Renting-Apartment-in-Germany-Happy-Tenants-768x512.jpeg 768w\" sizes=\"(max-width: 800px) 100vw, 800px\" \/><\/div>\n\t\t<\/a>\n\t\t\t\t<div class=\"elementor-post__text\">\n\t\t\t\t<h3 class=\"elementor-post__title\">\n\t\t\t<a href=\"https:\/\/homegermany24.com\/de\/wohnung-mieten-deutschland-ratgeber\/\" >\n\t\t\t\tUmfassender Leitfaden zur Anmietung einer Wohnung in Deutschland\t\t\t<\/a>\n\t\t<\/h3>\n\t\t\t\t<div class=\"elementor-post__meta-data\">\n\t\t\t\t\t<span class=\"elementor-post-date\">\n\t\t\t27\/12\/2025\t\t<\/span>\n\t\t\t\t<span class=\"elementor-post-avatar\">\n\t\t\tKeine Kommentare\t\t<\/span>\n\t\t\t\t<\/div>\n\t\t\t\t<div class=\"elementor-post__excerpt\">\n\t\t\t<p>Die Suche nach einer Mietwohnung in Deutschland \u2013 insbesondere f\u00fcr Migranten und Neuank\u00f6mmlinge \u2013 z\u00e4hlt zu den gr\u00f6\u00dften Herausforderungen beim Start in ein neues Leben. Ein stark umk\u00e4mpfter Markt, strenge gesetzliche Regelungen, finanzielle und rechtliche Sensibilit\u00e4ten sowie eine hohe Anzahl an Bewerbern machen die Wohnungssuche ohne ausreichende Kenntnisse und Planung<\/p>\n\t\t<\/div>\n\t\t\n\t\t<a class=\"elementor-post__read-more\" href=\"https:\/\/homegermany24.com\/de\/wohnung-mieten-deutschland-ratgeber\/\" aria-label=\"Read more about Umfassender Leitfaden zur Anmietung einer Wohnung in Deutschland\" tabindex=\"-1\" >\n\t\t\tRead More \u00bb\t\t<\/a>\n\n\t\t\t\t<\/div>\n\t\t\t\t<\/article>\n\t\t\t\t<article class=\"elementor-post elementor-grid-item post-2526 post type-post status-publish format-standard has-post-thumbnail hentry category-immobilienguide\" role=\"listitem\">\n\t\t\t\t<a class=\"elementor-post__thumbnail__link\" href=\"https:\/\/homegermany24.com\/de\/wohnung-mieten-deutschland-7-geheimnisse\/\" tabindex=\"-1\" >\n\t\t\t<div class=\"elementor-post__thumbnail\"><img loading=\"lazy\" decoding=\"async\" width=\"800\" height=\"533\" src=\"https:\/\/homegermany24.com\/wp-content\/uploads\/2025\/12\/Renting-an-Apartment-in-Germany11.jpg\" class=\"attachment-full size-full wp-image-2525\" alt=\"\" srcset=\"https:\/\/homegermany24.com\/wp-content\/uploads\/2025\/12\/Renting-an-Apartment-in-Germany11.jpg 800w, https:\/\/homegermany24.com\/wp-content\/uploads\/2025\/12\/Renting-an-Apartment-in-Germany11-300x200.jpg 300w, https:\/\/homegermany24.com\/wp-content\/uploads\/2025\/12\/Renting-an-Apartment-in-Germany11-768x512.jpg 768w\" sizes=\"(max-width: 800px) 100vw, 800px\" \/><\/div>\n\t\t<\/a>\n\t\t\t\t<div class=\"elementor-post__text\">\n\t\t\t\t<h3 class=\"elementor-post__title\">\n\t\t\t<a href=\"https:\/\/homegermany24.com\/de\/wohnung-mieten-deutschland-7-geheimnisse\/\" >\n\t\t\t\tWohnung mieten in Deutschland: 7 Geheimnisse, die Ihnen niemand sagt!\t\t\t<\/a>\n\t\t<\/h3>\n\t\t\t\t<div class=\"elementor-post__meta-data\">\n\t\t\t\t\t<span class=\"elementor-post-date\">\n\t\t\t27\/12\/2025\t\t<\/span>\n\t\t\t\t<span class=\"elementor-post-avatar\">\n\t\t\tKeine Kommentare\t\t<\/span>\n\t\t\t\t<\/div>\n\t\t\t\t<div class=\"elementor-post__excerpt\">\n\t\t\t<p>Eine Wohnung in Deutschland zu mieten \u2013 besonders f\u00fcr Neuank\u00f6mmlinge und Migranten \u2013 kann sich wie ein echter Kampf anf\u00fchlen. Ein extrem wettbewerbsintensiver Markt, umfangreiche Unterlagen, Betrugsrisiken und komplexe rechtliche Vorgaben machen den Prozess oft deutlich schwieriger, als man zun\u00e4chst erwartet. In diesem Artikel teilen wir 7 wichtige und wenig<\/p>\n\t\t<\/div>\n\t\t\n\t\t<a class=\"elementor-post__read-more\" href=\"https:\/\/homegermany24.com\/de\/wohnung-mieten-deutschland-7-geheimnisse\/\" aria-label=\"Read more about Wohnung mieten in Deutschland: 7 Geheimnisse, die Ihnen niemand sagt!\" tabindex=\"-1\" >\n\t\t\tRead More \u00bb\t\t<\/a>\n\n\t\t\t\t<\/div>\n\t\t\t\t<\/article>\n\t\t\t\t<article class=\"elementor-post elementor-grid-item post-2513 post type-post status-publish format-standard hentry category-immobilienguide\" role=\"listitem\">\n\t\t\t\t<div class=\"elementor-post__text\">\n\t\t\t\t<h3 class=\"elementor-post__title\">\n\t\t\t<a href=\"https:\/\/homegermany24.com\/de\/rent-apartment-germany-secrets\/\" >\n\t\t\t\t\u0627\u062c\u0627\u0631\u0647 \u0622\u067e\u0627\u0631\u062a\u0645\u0627\u0646 \u062f\u0631 \u0622\u0644\u0645\u0627\u0646: \u06f7 \u0631\u0627\u0632 \u06a9\u0647 \u0647\u06cc\u0686\u200c\u06a9\u0633 \u0628\u0647 \u0634\u0645\u0627 \u0646\u0645\u06cc\u200c\u06af\u0648\u06cc\u062f!\t\t\t<\/a>\n\t\t<\/h3>\n\t\t\t\t<div class=\"elementor-post__meta-data\">\n\t\t\t\t\t<span class=\"elementor-post-date\">\n\t\t\t27\/12\/2025\t\t<\/span>\n\t\t\t\t<span class=\"elementor-post-avatar\">\n\t\t\tKeine Kommentare\t\t<\/span>\n\t\t\t\t<\/div>\n\t\t\t\t<div class=\"elementor-post__excerpt\">\n\t\t\t<p>\u067e\u06cc\u062f\u0627 \u06a9\u0631\u062f\u0646 \u062e\u0627\u0646\u0647 \u0627\u062c\u0627\u0631\u0647\u200c\u0627\u06cc \u062f\u0631 \u0622\u0644\u0645\u0627\u0646\u060c \u0645\u062e\u0635\u0648\u0635\u0627\u064b \u0628\u0631\u0627\u06cc \u062a\u0627\u0632\u0647\u200c\u0648\u0627\u0631\u062f\u0647\u0627 \u0648 \u0645\u0647\u0627\u062c\u0631\u0627\u0646\u060c \u0645\u06cc\u200c\u062a\u0648\u0627\u0646\u062f \u0634\u0628\u06cc\u0647 \u06cc\u06a9 \u062c\u0646\u06af \u0648\u0627\u0642\u0639\u06cc \u0628\u0627\u0634\u062f. \u0628\u0627\u0632\u0627\u0631 \u0641\u0648\u0642\u200c\u0631\u0642\u0627\u0628\u062a\u06cc\u060c \u0645\u062f\u0627\u0631\u06a9 \u0645\u062a\u0639\u062f\u062f\u060c \u062e\u0637\u0631 \u06a9\u0644\u0627\u0647\u0628\u0631\u062f\u0627\u0631\u06cc \u0648 \u067e\u06cc\u0686\u06cc\u062f\u06af\u06cc\u200c\u0647\u0627\u06cc \u0642\u0627\u0646\u0648\u0646\u06cc \u0628\u0627\u0639\u062b \u0645\u06cc\u200c\u0634\u0648\u062f \u0627\u06cc\u0646 \u0645\u0633\u06cc\u0631 \u0628\u0633\u06cc\u0627\u0631 \u0633\u062e\u062a\u200c\u062a\u0631 \u0627\u0632 \u062a\u0635\u0648\u0631 \u0627\u0648\u0644\u06cc\u0647 \u0628\u0647 \u0646\u0638\u0631 \u0628\u0631\u0633\u062f. \u062f\u0631 \u0627\u06cc\u0646 \u0645\u0642\u0627\u0644\u0647\u060c \u06f7 \u0631\u0627\u0632 \u0645\u0647\u0645 \u0648 \u06a9\u0645\u062a\u0631 \u06af\u0641\u062a\u0647\u200c\u0634\u062f\u0647 \u0628\u0627\u0632\u0627\u0631 \u0627\u062c\u0627\u0631\u0647 \u0622\u0644\u0645\u0627\u0646<\/p>\n\t\t<\/div>\n\t\t\n\t\t<a class=\"elementor-post__read-more\" href=\"https:\/\/homegermany24.com\/de\/rent-apartment-germany-secrets\/\" aria-label=\"Read more about \u0627\u062c\u0627\u0631\u0647 \u0622\u067e\u0627\u0631\u062a\u0645\u0627\u0646 \u062f\u0631 \u0622\u0644\u0645\u0627\u0646: \u06f7 \u0631\u0627\u0632 \u06a9\u0647 \u0647\u06cc\u0686\u200c\u06a9\u0633 \u0628\u0647 \u0634\u0645\u0627 \u0646\u0645\u06cc\u200c\u06af\u0648\u06cc\u062f!\" tabindex=\"-1\" >\n\t\t\tRead More \u00bb\t\t<\/a>\n\n\t\t\t\t<\/div>\n\t\t\t\t<\/article>\n\t\t\t\t<article class=\"elementor-post elementor-grid-item post-2496 post type-post status-publish format-standard hentry category-immobilienguide\" role=\"listitem\">\n\t\t\t\t<div class=\"elementor-post__text\">\n\t\t\t\t<h3 class=\"elementor-post__title\">\n\t\t\t<a href=\"https:\/\/homegermany24.com\/de\/%d8%b1%d8%a7%d9%87%d9%86%d9%85%d8%a7%db%8c-%da%a9%d8%a7%d9%85%d9%84-%d8%a7%d8%ac%d8%a7%d8%b1%d9%87-%d8%a2%d9%be%d8%a7%d8%b1%d8%aa%d9%85%d8%a7%d9%86-%d8%af%d8%b1-%d8%a2%d9%84%d9%85%d8%a7%d9%86\/\" >\n\t\t\t\t\u0631\u0627\u0647\u0646\u0645\u0627\u06cc \u06a9\u0627\u0645\u0644 \u0627\u062c\u0627\u0631\u0647 \u0622\u067e\u0627\u0631\u062a\u0645\u0627\u0646 \u062f\u0631 \u0622\u0644\u0645\u0627\u0646\u061b \u0627\u0632 \u06cc\u0627\u0641\u062a\u0646 \u062e\u0627\u0646\u0647 \u062a\u0627 \u062d\u0642\u0648\u0642 \u0645\u0633\u062a\u0623\u062c\u0631\t\t\t<\/a>\n\t\t<\/h3>\n\t\t\t\t<div class=\"elementor-post__meta-data\">\n\t\t\t\t\t<span class=\"elementor-post-date\">\n\t\t\t27\/12\/2025\t\t<\/span>\n\t\t\t\t<span class=\"elementor-post-avatar\">\n\t\t\tKeine Kommentare\t\t<\/span>\n\t\t\t\t<\/div>\n\t\t\t\t<div class=\"elementor-post__excerpt\">\n\t\t\t<p>\u067e\u06cc\u062f\u0627 \u06a9\u0631\u062f\u0646 \u062e\u0627\u0646\u0647 \u0627\u062c\u0627\u0631\u0647\u200c\u0627\u06cc \u062f\u0631 \u0622\u0644\u0645\u0627\u0646\u060c \u0628\u0647\u200c\u0648\u06cc\u0698\u0647 \u0628\u0631\u0627\u06cc \u0645\u0647\u0627\u062c\u0631\u0627\u0646 \u0648 \u062a\u0627\u0632\u0647\u200c\u0648\u0627\u0631\u062f\u0647\u0627\u060c \u06cc\u06a9\u06cc \u0627\u0632 \u0686\u0627\u0644\u0634\u200c\u0628\u0631\u0627\u0646\u06af\u06cc\u0632\u062a\u0631\u06cc\u0646 \u0645\u0631\u0627\u062d\u0644 \u0632\u0646\u062f\u06af\u06cc \u0645\u062d\u0633\u0648\u0628 \u0645\u06cc\u200c\u0634\u0648\u062f. \u0628\u0627\u0632\u0627\u0631 \u0631\u0642\u0627\u0628\u062a\u06cc\u060c \u0642\u0648\u0627\u0646\u06cc\u0646 \u0633\u062e\u062a\u200c\u06af\u06cc\u0631\u0627\u0646\u0647\u060c \u062d\u0633\u0627\u0633\u06cc\u062a\u200c\u0647\u0627\u06cc \u0645\u0627\u0644\u06cc \u0648 \u062d\u0642\u0648\u0642\u06cc \u0648 \u062d\u062c\u0645 \u0628\u0627\u0644\u0627\u06cc \u0645\u062a\u0642\u0627\u0636\u06cc\u0627\u0646 \u0628\u0627\u0639\u062b \u0634\u062f\u0647 \u0627\u062c\u0627\u0631\u0647 \u062e\u0627\u0646\u0647 \u0628\u062f\u0648\u0646 \u0622\u06af\u0627\u0647\u06cc \u0648 \u0628\u0631\u0646\u0627\u0645\u0647\u200c\u0631\u06cc\u0632\u06cc \u062f\u0642\u06cc\u0642\u060c \u0628\u0633\u06cc\u0627\u0631 \u062f\u0634\u0648\u0627\u0631 \u0628\u0627\u0634\u062f. \u062f\u0631 \u0627\u06cc\u0646 \u0631\u0627\u0647\u0646\u0645\u0627\u06cc \u062c\u0627\u0645\u0639\u060c \u062a\u0644\u0627\u0634 \u06a9\u0631\u062f\u0647\u200c\u0627\u06cc\u0645 \u062a\u0645\u0627\u0645 \u0645\u0631\u0627\u062d\u0644<\/p>\n\t\t<\/div>\n\t\t\n\t\t<a class=\"elementor-post__read-more\" href=\"https:\/\/homegermany24.com\/de\/%d8%b1%d8%a7%d9%87%d9%86%d9%85%d8%a7%db%8c-%da%a9%d8%a7%d9%85%d9%84-%d8%a7%d8%ac%d8%a7%d8%b1%d9%87-%d8%a2%d9%be%d8%a7%d8%b1%d8%aa%d9%85%d8%a7%d9%86-%d8%af%d8%b1-%d8%a2%d9%84%d9%85%d8%a7%d9%86\/\" aria-label=\"Read more about \u0631\u0627\u0647\u0646\u0645\u0627\u06cc \u06a9\u0627\u0645\u0644 \u0627\u062c\u0627\u0631\u0647 \u0622\u067e\u0627\u0631\u062a\u0645\u0627\u0646 \u062f\u0631 \u0622\u0644\u0645\u0627\u0646\u061b \u0627\u0632 \u06cc\u0627\u0641\u062a\u0646 \u062e\u0627\u0646\u0647 \u062a\u0627 \u062d\u0642\u0648\u0642 \u0645\u0633\u062a\u0623\u062c\u0631\" tabindex=\"-1\" >\n\t\t\tRead More \u00bb\t\t<\/a>\n\n\t\t\t\t<\/div>\n\t\t\t\t<\/article>\n\t\t\t\t<\/div>\n\t\t\n\t\t\t\t\t\t<\/div>\n\t\t\t\t<\/div>\n\t\t\t\t<\/div>\n\t\t\t\t\t<\/div>\n\t\t\t\t<\/div>\n\t\t\t\t<\/div>\n\t\t","protected":false},"excerpt":{"rendered":"","protected":false},"author":3,"featured_media":0,"parent":0,"menu_order":0,"comment_status":"closed","ping_status":"closed","template":"","meta":{"_acf_changed":false,"footnotes":""},"class_list":["post-1715","page","type-page","status-publish","hentry"],"acf":[],"wpml_current_locale":"de_DE","wpml_translations":{"en_US":{"locale":"en_US","id":1713,"slug":"blog","post_title":"Blog","href":"https:\/\/homegermany24.com\/en\/blog\/"},"de_DE":{"locale":"de_DE","translation":"current"},"fa_IR":{"locale":"fa_IR","id":25,"slug":"blog","post_title":"\u0648\u0628\u0644\u0627\u06af","href":"https:\/\/homegermany24.com\/blog\/"}},"_links":{"self":[{"href":"https:\/\/homegermany24.com\/de\/wp-json\/wp\/v2\/pages\/1715","targetHints":{"allow":["GET"]}}],"collection":[{"href":"https:\/\/homegermany24.com\/de\/wp-json\/wp\/v2\/pages"}],"about":[{"href":"https:\/\/homegermany24.com\/de\/wp-json\/wp\/v2\/types\/page"}],"author":[{"embeddable":true,"href":"https:\/\/homegermany24.com\/de\/wp-json\/wp\/v2\/users\/3"}],"replies":[{"embeddable":true,"href":"https:\/\/homegermany24.com\/de\/wp-json\/wp\/v2\/comments?post=1715"}],"version-history":[{"count":1,"href":"https:\/\/homegermany24.com\/de\/wp-json\/wp\/v2\/pages\/1715\/revisions"}],"predecessor-version":[{"id":1716,"href":"https:\/\/homegermany24.com\/de\/wp-json\/wp\/v2\/pages\/1715\/revisions\/1716"}],"wp:attachment":[{"href":"https:\/\/homegermany24.com\/de\/wp-json\/wp\/v2\/media?parent=1715"}],"curies":[{"name":"wp","href":"https:\/\/api.w.org\/{rel}","templated":true}]}}