{"id":1833,"date":"2025-09-14T18:50:01","date_gmt":"2025-09-14T16:50:01","guid":{"rendered":"https:\/\/homegermany24.com\/contact\/"},"modified":"2025-12-06T08:42:45","modified_gmt":"2025-12-06T07:42:45","slug":"kontakt","status":"publish","type":"page","link":"https:\/\/homegermany24.com\/de\/kontakt\/","title":{"rendered":"Kontaktieren Sie uns"},"content":{"rendered":"\t\t<div data-elementor-type=\"wp-page\" data-elementor-id=\"1833\" class=\"elementor elementor-1833 elementor-23\" data-elementor-post-type=\"page\">\n\t\t\t\t<div class=\"elementor-element elementor-element-5e08a96 e-flex e-con-boxed e-con e-parent\" data-id=\"5e08a96\" data-element_type=\"container\" data-settings=\"{&quot;background_background&quot;:&quot;classic&quot;}\">\n\t\t\t\t\t<div class=\"e-con-inner\">\n\t\t<div class=\"elementor-element elementor-element-9af9943 e-flex e-con-boxed e-con e-child\" data-id=\"9af9943\" data-element_type=\"container\">\n\t\t\t\t\t<div class=\"e-con-inner\">\n\t\t\t\t<div class=\"elementor-element elementor-element-48b6d41 elementor-widget elementor-widget-shortcode\" data-id=\"48b6d41\" data-element_type=\"widget\" data-widget_type=\"shortcode.default\">\n\t\t\t\t\t\t\t<div class=\"elementor-shortcode\"><nav aria-label=\"breadcrumbs\" class=\"rank-math-breadcrumb\"><p><span class=\"last\">Startseite<\/span><\/p><\/nav><\/div>\n\t\t\t\t\t\t<\/div>\n\t\t\t\t\t<\/div>\n\t\t\t\t<\/div>\n\t\t\t\t\t<\/div>\n\t\t\t\t<\/div>\n\t\t<div class=\"elementor-element elementor-element-b88311d e-flex e-con-boxed e-con e-parent\" data-id=\"b88311d\" data-element_type=\"container\" data-settings=\"{&quot;background_background&quot;:&quot;classic&quot;}\">\n\t\t\t\t\t<div class=\"e-con-inner\">\n\t\t<div class=\"elementor-element elementor-element-cc07209 e-con-full e-flex e-con e-child\" data-id=\"cc07209\" data-element_type=\"container\">\n\t\t\t\t<div class=\"elementor-element elementor-element-8c9e106 elementor-widget elementor-widget-heading\" data-id=\"8c9e106\" data-element_type=\"widget\" data-widget_type=\"heading.default\">\n\t\t\t\t\t<h2 class=\"elementor-heading-title elementor-size-default\">Kontaktieren Sie uns<\/h2>\t\t\t\t<\/div>\n\t\t\t\t<div class=\"elementor-element elementor-element-46036d2 elementor-widget elementor-widget-text-editor\" data-id=\"46036d2\" data-element_type=\"widget\" data-widget_type=\"text-editor.default\">\n\t\t\t\t\t\t\t\t\t<p data-start=\"57\" data-end=\"300\">Das HomeGermany24-Team steht Ihnen in allen Phasen der Suche, Anmietung oder des Kaufs einer Immobilie in Deutschland zur Seite.<br data-start=\"185\" data-end=\"188\" \/>\u00dcber das Kontaktformular, per E-Mail oder WhatsApp k\u00f6nnen Sie unsere Experten erreichen und Ihre Fragen stellen.<\/p>\t\t\t\t\t\t\t\t<\/div>\n\t\t<div class=\"elementor-element elementor-element-5ec84af e-con-full e-flex e-con e-child\" data-id=\"5ec84af\" data-element_type=\"container\">\n\t\t<div class=\"elementor-element elementor-element-4c44adf e-con-full e-flex e-con e-child\" data-id=\"4c44adf\" data-element_type=\"container\">\n\t\t\t\t<div class=\"elementor-element elementor-element-5ed5399 elementor-widget elementor-widget-image\" data-id=\"5ed5399\" data-element_type=\"widget\" data-widget_type=\"image.default\">\n\t\t\t\t\t\t\t\t\t\t\t\t\t\t\t<img decoding=\"async\" width=\"100\" height=\"100\" src=\"https:\/\/homegermany24.com\/wp-content\/uploads\/2025\/10\/phone1.jpg\" class=\"attachment-large size-large wp-image-1829\" alt=\"\" \/>\t\t\t\t\t\t\t\t\t\t\t\t\t\t\t<\/div>\n\t\t\t\t<div class=\"elementor-element elementor-element-fe8a9be elementor-widget elementor-widget-heading\" data-id=\"fe8a9be\" data-element_type=\"widget\" data-widget_type=\"heading.default\">\n\t\t\t\t\t<span class=\"elementor-heading-title elementor-size-default\">\u0634\u0645\u0627\u0631\u0647 \u062a\u0645\u0627\u0633<\/span>\t\t\t\t<\/div>\n\t\t\t\t<div class=\"elementor-element elementor-element-05bb0e6 elementor-widget elementor-widget-heading\" data-id=\"05bb0e6\" data-element_type=\"widget\" data-widget_type=\"heading.default\">\n\t\t\t\t\t<span class=\"elementor-heading-title elementor-size-default\"><a href=\"#\"> 818-8168(978)<\/a><\/span>\t\t\t\t<\/div>\n\t\t\t\t<\/div>\n\t\t<div class=\"elementor-element elementor-element-8587831 e-con-full e-flex e-con e-child\" data-id=\"8587831\" data-element_type=\"container\">\n\t\t\t\t<div class=\"elementor-element elementor-element-00c7651 elementor-widget elementor-widget-image\" data-id=\"00c7651\" data-element_type=\"widget\" data-widget_type=\"image.default\">\n\t\t\t\t\t\t\t\t\t\t\t\t\t\t\t<img decoding=\"async\" width=\"100\" height=\"100\" src=\"https:\/\/homegermany24.com\/wp-content\/uploads\/2025\/10\/whatsapp.png\" class=\"attachment-large size-large wp-image-1830\" alt=\"\" \/>\t\t\t\t\t\t\t\t\t\t\t\t\t\t\t<\/div>\n\t\t\t\t<div class=\"elementor-element elementor-element-751d09e elementor-widget elementor-widget-heading\" data-id=\"751d09e\" data-element_type=\"widget\" data-widget_type=\"heading.default\">\n\t\t\t\t\t<span class=\"elementor-heading-title elementor-size-default\">\u0648\u0627\u062a\u0633\u0627\u067e<\/span>\t\t\t\t<\/div>\n\t\t\t\t<div class=\"elementor-element elementor-element-d298854 elementor-widget elementor-widget-heading\" data-id=\"d298854\" data-element_type=\"widget\" data-widget_type=\"heading.default\">\n\t\t\t\t\t<span class=\"elementor-heading-title elementor-size-default\"><a href=\"#\"> 818-8168(978)<\/a><\/span>\t\t\t\t<\/div>\n\t\t\t\t<\/div>\n\t\t<div class=\"elementor-element elementor-element-3897397 e-con-full e-flex e-con e-child\" data-id=\"3897397\" data-element_type=\"container\">\n\t\t\t\t<div class=\"elementor-element elementor-element-b542cbb elementor-widget elementor-widget-image\" data-id=\"b542cbb\" data-element_type=\"widget\" data-widget_type=\"image.default\">\n\t\t\t\t\t\t\t\t\t\t\t\t\t\t\t<img decoding=\"async\" width=\"100\" height=\"100\" src=\"https:\/\/homegermany24.com\/wp-content\/uploads\/2025\/10\/telegram1.png\" class=\"attachment-large size-large wp-image-1831\" alt=\"\" \/>\t\t\t\t\t\t\t\t\t\t\t\t\t\t\t<\/div>\n\t\t\t\t<div class=\"elementor-element elementor-element-c341149 elementor-widget elementor-widget-heading\" data-id=\"c341149\" data-element_type=\"widget\" data-widget_type=\"heading.default\">\n\t\t\t\t\t<span class=\"elementor-heading-title elementor-size-default\">\u062a\u0644\u06af\u0631\u0627\u0645<\/span>\t\t\t\t<\/div>\n\t\t\t\t<div class=\"elementor-element elementor-element-3814829 elementor-widget elementor-widget-heading\" data-id=\"3814829\" data-element_type=\"widget\" data-widget_type=\"heading.default\">\n\t\t\t\t\t<span class=\"elementor-heading-title elementor-size-default\"><a href=\"#\"> 818-8168(978)<\/a><\/span>\t\t\t\t<\/div>\n\t\t\t\t<\/div>\n\t\t\t\t<\/div>\n\t\t\t\t<\/div>\n\t\t\t\t\t<\/div>\n\t\t\t\t<\/div>\n\t\t<div class=\"elementor-element elementor-element-caa3155 e-flex e-con-boxed e-con e-parent\" data-id=\"caa3155\" data-element_type=\"container\" data-settings=\"{&quot;background_background&quot;:&quot;classic&quot;}\">\n\t\t\t\t\t<div class=\"e-con-inner\">\n\t\t<div class=\"elementor-element elementor-element-dde01de e-con-full e-flex e-con e-child\" data-id=\"dde01de\" data-element_type=\"container\">\n\t\t\t\t<div class=\"elementor-element elementor-element-73aec8c elementor-widget elementor-widget-icon-box\" data-id=\"73aec8c\" data-element_type=\"widget\" data-widget_type=\"icon-box.default\">\n\t\t\t\t\t\t\t<div class=\"elementor-icon-box-wrapper\">\n\n\t\t\t\n\t\t\t\t\t\t<div class=\"elementor-icon-box-content\">\n\n\t\t\t\t\t\t\t\t\t<h2 class=\"elementor-icon-box-title\">\n\t\t\t\t\t\t<span  >\n\t\t\t\t\t\t\tH\u00e4ufig gestellte Fragen (FAQ)\t\t\t\t\t\t<\/span>\n\t\t\t\t\t<\/h2>\n\t\t\t\t\n\t\t\t\t\t\t\t\t\t<p class=\"elementor-icon-box-description\">\n\t\t\t\t\t\tIn diesem Abschnitt beantworten wir die Fragen, die unsere Nutzer am h\u00e4ufigsten zu Miete, Kauf und Auswahl von Immobilien in Deutschland stellen.\nWenn Sie Ihre Antwort nicht finden, k\u00f6nnen Sie uns jederzeit direkt kontaktieren.\t\t\t\t\t<\/p>\n\t\t\t\t\n\t\t\t<\/div>\n\t\t\t\n\t\t<\/div>\n\t\t\t\t\t\t<\/div>\n\t\t\t\t<div class=\"elementor-element elementor-element-5919afe elementor-widget elementor-widget-accordion\" data-id=\"5919afe\" data-element_type=\"widget\" data-widget_type=\"accordion.default\">\n\t\t\t\t\t\t\t<div class=\"elementor-accordion\">\n\t\t\t\t\t\t\t<div class=\"elementor-accordion-item\">\n\t\t\t\t\t<div id=\"elementor-tab-title-9341\" class=\"elementor-tab-title\" data-tab=\"1\" role=\"button\" aria-controls=\"elementor-tab-content-9341\" aria-expanded=\"false\">\n\t\t\t\t\t\t\t\t\t\t\t\t<a class=\"elementor-accordion-title\" tabindex=\"0\">Welche Dienstleistungen bietet HomeGermany24 an?<\/a>\n\t\t\t\t\t<\/div>\n\t\t\t\t\t<div id=\"elementor-tab-content-9341\" class=\"elementor-tab-content elementor-clearfix\" data-tab=\"1\" role=\"region\" aria-labelledby=\"elementor-tab-title-9341\"><p data-start=\"91\" data-end=\"248\">Wir bieten <strong data-start=\"117\" data-end=\"187\">Miet-, Kauf-, Verkaufs- und Immobilienverwaltungs\u00addienstleistungen<\/strong> in ganz Deutschland an und begleiten Sie in allen Schritten.<\/p><\/div>\n\t\t\t\t<\/div>\n\t\t\t\t\t\t\t<div class=\"elementor-accordion-item\">\n\t\t\t\t\t<div id=\"elementor-tab-title-9342\" class=\"elementor-tab-title\" data-tab=\"2\" role=\"button\" aria-controls=\"elementor-tab-content-9342\" aria-expanded=\"false\">\n\t\t\t\t\t\t\t\t\t\t\t\t<a class=\"elementor-accordion-title\" tabindex=\"0\">Ist HomeGermany24 nur in Berlin t\u00e4tig?<\/a>\n\t\t\t\t\t<\/div>\n\t\t\t\t\t<div id=\"elementor-tab-content-9342\" class=\"elementor-tab-content elementor-clearfix\" data-tab=\"2\" role=\"region\" aria-labelledby=\"elementor-tab-title-9342\"><p data-start=\"1352\" data-end=\"1442\">Nein, wir sind in <strong data-start=\"340\" data-end=\"370\">allen St\u00e4dten Deutschlands<\/strong> aktiv \u2013 darunter Berlin, M\u00fcnchen, D\u00fcsseldorf, Hamburg und viele weitere St\u00e4dte.<\/p><\/div>\n\t\t\t\t<\/div>\n\t\t\t\t\t\t\t<div class=\"elementor-accordion-item\">\n\t\t\t\t\t<div id=\"elementor-tab-title-9343\" class=\"elementor-tab-title\" data-tab=\"3\" role=\"button\" aria-controls=\"elementor-tab-content-9343\" aria-expanded=\"false\">\n\t\t\t\t\t\t\t\t\t\t\t\t<a class=\"elementor-accordion-title\" tabindex=\"0\">Welche Sprachen werden bei HomeGermany24 unterst\u00fctzt?<\/a>\n\t\t\t\t\t<\/div>\n\t\t\t\t\t<div id=\"elementor-tab-content-9343\" class=\"elementor-tab-content elementor-clearfix\" data-tab=\"3\" role=\"region\" aria-labelledby=\"elementor-tab-title-9343\"><p data-start=\"524\" data-end=\"679\"><strong data-start=\"539\" data-end=\"574\">Persisch, Deutsch und Englisch.<\/strong><br data-start=\"574\" data-end=\"577\" \/>Unser Ziel ist es, eine komfortable und unkomplizierte Kommunikation f\u00fcr alle Kunden zu gew\u00e4hrleisten.<\/p><\/div>\n\t\t\t\t<\/div>\n\t\t\t\t\t\t\t<div class=\"elementor-accordion-item\">\n\t\t\t\t\t<div id=\"elementor-tab-title-9344\" class=\"elementor-tab-title\" data-tab=\"4\" role=\"button\" aria-controls=\"elementor-tab-content-9344\" aria-expanded=\"false\">\n\t\t\t\t\t\t\t\t\t\t\t\t<a class=\"elementor-accordion-title\" tabindex=\"0\">Wie kann ich eine Mietwohnung oder ein Mietobjekt finden?<\/a>\n\t\t\t\t\t<\/div>\n\t\t\t\t\t<div id=\"elementor-tab-content-9344\" class=\"elementor-tab-content elementor-clearfix\" data-tab=\"4\" role=\"region\" aria-labelledby=\"elementor-tab-title-9344\"><p data-start=\"757\" data-end=\"940\">Sie k\u00f6nnen \u00fcber unsere Website, per Nachricht oder telefonisch Ihr gew\u00fcnschtes Objekt finden und reservieren.<br data-start=\"881\" data-end=\"884\" \/>Unser Team begleitet Sie w\u00e4hrend des gesamten Prozesses.<\/p><\/div>\n\t\t\t\t<\/div>\n\t\t\t\t\t\t\t<div class=\"elementor-accordion-item\">\n\t\t\t\t\t<div id=\"elementor-tab-title-9345\" class=\"elementor-tab-title\" data-tab=\"5\" role=\"button\" aria-controls=\"elementor-tab-content-9345\" aria-expanded=\"false\">\n\t\t\t\t\t\t\t\t\t\t\t\t<a class=\"elementor-accordion-title\" tabindex=\"0\">Bietet HomeGermany24 nur Mietwohnungen an?<\/a>\n\t\t\t\t\t<\/div>\n\t\t\t\t\t<div id=\"elementor-tab-content-9345\" class=\"elementor-tab-content elementor-clearfix\" data-tab=\"5\" role=\"region\" aria-labelledby=\"elementor-tab-title-9345\"><p data-start=\"1003\" data-end=\"1116\">Nein, wir bieten verschiedene Immobilientypen an, darunter <strong data-start=\"1077\" data-end=\"1115\">Wohnungen, H\u00e4user, Villen und mehr<\/strong>.<\/p><\/div>\n\t\t\t\t<\/div>\n\t\t\t\t\t\t\t\t<\/div>\n\t\t\t\t\t\t<\/div>\n\t\t\t\t<\/div>\n\t\t<div class=\"elementor-element elementor-element-ad0fc87 animated-slow e-con-full e-flex elementor-invisible e-con e-child\" data-id=\"ad0fc87\" data-element_type=\"container\" data-settings=\"{&quot;background_background&quot;:&quot;classic&quot;,&quot;animation&quot;:&quot;fadeInUp&quot;}\">\n\t\t\t\t<div class=\"elementor-element elementor-element-e6b40f5 elementor-widget elementor-widget-icon-box\" data-id=\"e6b40f5\" data-element_type=\"widget\" data-widget_type=\"icon-box.default\">\n\t\t\t\t\t\t\t<div class=\"elementor-icon-box-wrapper\">\n\n\t\t\t\n\t\t\t\t\t\t<div class=\"elementor-icon-box-content\">\n\n\t\t\t\t\t\t\t\t\t<h2 class=\"elementor-icon-box-title\">\n\t\t\t\t\t\t<span  >\n\t\t\t\t\t\t\tKontaktieren Sie uns\t\t\t\t\t\t<\/span>\n\t\t\t\t\t<\/h2>\n\t\t\t\t\n\t\t\t\t\t\t\t\t\t<p class=\"elementor-icon-box-description\">\n\t\t\t\t\t\tHaben Sie eine Frage oder suchen Sie eine bestimmte Immobilie?\n\nF\u00fcllen Sie einfach das folgende Formular aus.\nUnser Team antwortet Ihnen so schnell wie m\u00f6glich und hilft Ihnen dabei, die beste Option auszuw\u00e4hlen.\t\t\t\t\t<\/p>\n\t\t\t\t\n\t\t\t<\/div>\n\t\t\t\n\t\t<\/div>\n\t\t\t\t\t\t<\/div>\n\t\t\t\t<div class=\"elementor-element elementor-element-7d62f86 elementor-button-align-end elementor-mobile-button-align-stretch elementor-widget elementor-widget-form\" data-id=\"7d62f86\" data-element_type=\"widget\" data-settings=\"{&quot;step_next_label&quot;:&quot;Next&quot;,&quot;step_previous_label&quot;:&quot;Previous&quot;,&quot;button_width&quot;:&quot;100&quot;,&quot;step_type&quot;:&quot;number_text&quot;,&quot;step_icon_shape&quot;:&quot;circle&quot;}\" data-widget_type=\"form.default\">\n\t\t\t\t\t\t\t<form class=\"elementor-form\" method=\"post\" name=\"\u0641\u0631\u0645 \u062a\u0645\u0627\u0633 \u0628\u0627 \u0645\u0627 \" aria-label=\"\u0641\u0631\u0645 \u062a\u0645\u0627\u0633 \u0628\u0627 \u0645\u0627 \">\n\t\t\t<input type=\"hidden\" name=\"post_id\" value=\"1833\"\/>\n\t\t\t<input type=\"hidden\" name=\"form_id\" value=\"7d62f86\"\/>\n\t\t\t<input type=\"hidden\" name=\"referer_title\" value=\"Kontaktieren Sie uns - HomeGermany24\" \/>\n\n\t\t\t\t\t\t\t<input type=\"hidden\" name=\"queried_id\" value=\"1833\"\/>\n\t\t\t\n\t\t\t<div class=\"elementor-form-fields-wrapper elementor-labels-\">\n\t\t\t\t\t\t\t\t<div class=\"elementor-field-type-text elementor-field-group elementor-column elementor-field-group-name elementor-col-100 elementor-field-required\">\n\t\t\t\t\t\t\t\t\t\t\t\t<label for=\"form-field-name\" class=\"elementor-field-label elementor-screen-only\">\n\t\t\t\t\t\t\t\t\u0646\u0627\u0645 \u0648 \u0646\u0627\u0645 \u062e\u0627\u0646\u0648\u0627\u062f\u06af\u06cc\t\t\t\t\t\t\t<\/label>\n\t\t\t\t\t\t\t\t\t\t\t\t\t\t<input size=\"1\" type=\"text\" name=\"form_fields[name]\" id=\"form-field-name\" class=\"elementor-field elementor-size-sm  elementor-field-textual\" placeholder=\"Vor- und Nachname\" required=\"required\">\n\t\t\t\t\t\t\t\t\t\t\t<\/div>\n\t\t\t\t\t\t\t\t<div class=\"elementor-field-type-email elementor-field-group elementor-column elementor-field-group-email elementor-col-100 elementor-field-required\">\n\t\t\t\t\t\t\t\t\t\t\t\t<label for=\"form-field-email\" class=\"elementor-field-label elementor-screen-only\">\n\t\t\t\t\t\t\t\tEmail\t\t\t\t\t\t\t<\/label>\n\t\t\t\t\t\t\t\t\t\t\t\t\t\t<input size=\"1\" type=\"email\" name=\"form_fields[email]\" id=\"form-field-email\" class=\"elementor-field elementor-size-sm  elementor-field-textual\" placeholder=\"Email\" required=\"required\">\n\t\t\t\t\t\t\t\t\t\t\t<\/div>\n\t\t\t\t\t\t\t\t<div class=\"elementor-field-type-textarea elementor-field-group elementor-column elementor-field-group-message elementor-col-100\">\n\t\t\t\t\t\t\t\t\t\t\t\t<label for=\"form-field-message\" class=\"elementor-field-label elementor-screen-only\">\n\t\t\t\t\t\t\t\tMessage\t\t\t\t\t\t\t<\/label>\n\t\t\t\t\t\t<textarea class=\"elementor-field-textual elementor-field  elementor-size-sm\" name=\"form_fields[message]\" id=\"form-field-message\" rows=\"4\" placeholder=\"Ihre Nachricht eingeben\"><\/textarea>\t\t\t\t<\/div>\n\t\t\t\t\t\t\t\t<div class=\"elementor-field-group elementor-column elementor-field-type-submit elementor-col-100 e-form__buttons\">\n\t\t\t\t\t<button class=\"elementor-button elementor-size-md elementor-animation-grow\" type=\"submit\">\n\t\t\t\t\t\t<span class=\"elementor-button-content-wrapper\">\n\t\t\t\t\t\t\t\t\t\t\t\t\t\t\t\t\t\t\t\t\t\t<span class=\"elementor-button-text\">Senden<\/span>\n\t\t\t\t\t\t\t\t\t\t\t\t\t<\/span>\n\t\t\t\t\t<\/button>\n\t\t\t\t<\/div>\n\t\t\t<\/div>\n\t\t<\/form>\n\t\t\t\t\t\t<\/div>\n\t\t\t\t<div class=\"elementor-element elementor-element-7e8b4fc elementor-widget__width-initial elementor-absolute elementor-widget elementor-widget-spacer\" data-id=\"7e8b4fc\" data-element_type=\"widget\" data-settings=\"{&quot;_position&quot;:&quot;absolute&quot;}\" data-widget_type=\"spacer.default\">\n\t\t\t\t\t\t\t<div class=\"elementor-spacer\">\n\t\t\t<div class=\"elementor-spacer-inner\"><\/div>\n\t\t<\/div>\n\t\t\t\t\t\t<\/div>\n\t\t\t\t<\/div>\n\t\t\t\t\t<\/div>\n\t\t\t\t<\/div>\n\t\t\t\t<\/div>\n\t\t","protected":false},"excerpt":{"rendered":"<p>Kontaktieren Sie uns Das HomeGermany24-Team steht Ihnen in allen Phasen der Suche, Anmietung oder des Kaufs einer Immobilie in Deutschland zur Seite.\u00dcber das Kontaktformular, per E-Mail oder WhatsApp k\u00f6nnen Sie unsere Experten erreichen und Ihre Fragen stellen. \u0634\u0645\u0627\u0631\u0647 \u062a\u0645\u0627\u0633 818-8168(978) \u0648\u0627\u062a\u0633\u0627\u067e 818-8168(978) \u062a\u0644\u06af\u0631\u0627\u0645 818-8168(978) H\u00e4ufig gestellte Fragen (FAQ) In diesem Abschnitt beantworten wir die Fragen, [&hellip;]<\/p>\n","protected":false},"author":3,"featured_media":0,"parent":0,"menu_order":0,"comment_status":"closed","ping_status":"closed","template":"","meta":{"_acf_changed":false,"footnotes":""},"class_list":["post-1833","page","type-page","status-publish","hentry"],"acf":[],"wpml_current_locale":"de_DE","wpml_translations":{"en_US":{"locale":"en_US","id":1823,"slug":"contact","post_title":"Contact Us","href":"https:\/\/homegermany24.com\/en\/contact\/"},"de_DE":{"locale":"de_DE","translation":"current"},"fa_IR":{"locale":"fa_IR","id":23,"slug":"contact","post_title":"\u062a\u0645\u0627\u0633 \u0628\u0627 \u0645\u0627","href":"https:\/\/homegermany24.com\/contact\/"}},"_links":{"self":[{"href":"https:\/\/homegermany24.com\/de\/wp-json\/wp\/v2\/pages\/1833","targetHints":{"allow":["GET"]}}],"collection":[{"href":"https:\/\/homegermany24.com\/de\/wp-json\/wp\/v2\/pages"}],"about":[{"href":"https:\/\/homegermany24.com\/de\/wp-json\/wp\/v2\/types\/page"}],"author":[{"embeddable":true,"href":"https:\/\/homegermany24.com\/de\/wp-json\/wp\/v2\/users\/3"}],"replies":[{"embeddable":true,"href":"https:\/\/homegermany24.com\/de\/wp-json\/wp\/v2\/comments?post=1833"}],"version-history":[{"count":7,"href":"https:\/\/homegermany24.com\/de\/wp-json\/wp\/v2\/pages\/1833\/revisions"}],"predecessor-version":[{"id":2118,"href":"https:\/\/homegermany24.com\/de\/wp-json\/wp\/v2\/pages\/1833\/revisions\/2118"}],"wp:attachment":[{"href":"https:\/\/homegermany24.com\/de\/wp-json\/wp\/v2\/media?parent=1833"}],"curies":[{"name":"wp","href":"https:\/\/api.w.org\/{rel}","templated":true}]}}